{"id":2897,"date":"2023-09-06T09:36:15","date_gmt":"2023-09-06T07:36:15","guid":{"rendered":"http:\/\/oneone11.de\/karriere\/"},"modified":"2023-09-30T12:01:31","modified_gmt":"2023-09-30T10:01:31","slug":"karriere","status":"publish","type":"page","link":"https:\/\/oneone11.de\/de\/karriere\/","title":{"rendered":"Karriere"},"content":{"rendered":"\t\t<div data-elementor-type=\"wp-page\" data-elementor-id=\"2897\" class=\"elementor elementor-2897 elementor-1568\" data-elementor-post-type=\"page\">\n\t\t\t\t\t\t<section class=\"elementor-section elementor-top-section elementor-element elementor-element-60699ef elementor-section-boxed elementor-section-height-default elementor-section-height-default\" data-id=\"60699ef\" data-element_type=\"section\" data-e-type=\"section\">\n\t\t\t\t\t\t<div class=\"elementor-container elementor-column-gap-default\">\n\t\t\t\t\t<div class=\"elementor-column elementor-col-100 elementor-top-column elementor-element elementor-element-660a93b\" data-id=\"660a93b\" data-element_type=\"column\" data-e-type=\"column\" data-settings=\"{&quot;background_background&quot;:&quot;classic&quot;}\">\n\t\t\t<div class=\"elementor-widget-wrap elementor-element-populated\">\n\t\t\t\t\t<div class=\"elementor-background-overlay\"><\/div>\n\t\t\t\t\t\t<div class=\"elementor-element elementor-element-4ed769e elementor-widget elementor-widget-heading\" data-id=\"4ed769e\" data-element_type=\"widget\" data-e-type=\"widget\" data-widget_type=\"heading.default\">\n\t\t\t\t<div class=\"elementor-widget-container\">\n\t\t\t\t\t<p class=\"elementor-heading-title elementor-size-default\">Karriere<\/p>\t\t\t\t<\/div>\n\t\t\t\t<\/div>\n\t\t\t\t\t<\/div>\n\t\t<\/div>\n\t\t\t\t\t<\/div>\n\t\t<\/section>\n\t\t\t\t<section class=\"elementor-section elementor-top-section elementor-element elementor-element-358395dc elementor-section-boxed elementor-section-height-default elementor-section-height-default\" data-id=\"358395dc\" data-element_type=\"section\" data-e-type=\"section\" data-settings=\"{&quot;background_background&quot;:&quot;classic&quot;}\">\n\t\t\t\t\t\t\t<div class=\"elementor-background-overlay\"><\/div>\n\t\t\t\t\t\t\t<div class=\"elementor-container elementor-column-gap-default\">\n\t\t\t\t\t<div class=\"elementor-column elementor-col-100 elementor-top-column elementor-element elementor-element-126ebe9d\" data-id=\"126ebe9d\" data-element_type=\"column\" data-e-type=\"column\">\n\t\t\t<div class=\"elementor-widget-wrap elementor-element-populated\">\n\t\t\t\t\t\t<div class=\"elementor-element elementor-element-505fbadd elementor-widget elementor-widget-heading\" data-id=\"505fbadd\" data-element_type=\"widget\" data-e-type=\"widget\" data-widget_type=\"heading.default\">\n\t\t\t\t<div class=\"elementor-widget-container\">\n\t\t\t\t\t<h2 class=\"elementor-heading-title elementor-size-default\">Karriere bei ONEONE11 Caf\u00e9 &amp; Bakery<\/h2>\t\t\t\t<\/div>\n\t\t\t\t<\/div>\n\t\t\t\t<div class=\"elementor-element elementor-element-856dbb8 elementor-widget elementor-widget-text-editor\" data-id=\"856dbb8\" data-element_type=\"widget\" data-e-type=\"widget\" data-widget_type=\"text-editor.default\">\n\t\t\t\t<div class=\"elementor-widget-container\">\n\t\t\t\t\t\t\t\t\t<p>Haben Sie eine Leidenschaft f\u00fcr Backwaren, Kaffee und au\u00dfergew\u00f6hnlichen Kundenservice? M\u00f6chten Sie Teil eines dynamischen und wachsenden Unternehmens sein, das Tradition und Moderne in der Welt der Gastronomie verbindet? Dann k\u00f6nnten Sie genau die Person sein, die wir f\u00fcr unser Team bei ONEONE11 Caf\u00e9 &amp; Bakery suchen!  <\/p>\n<p>Wir bieten eine Vielzahl an Positionen, von Baristas und Konditoren bis hin zu Managern und Kundenservice-Mitarbeitern. Bei uns haben Sie die M\u00f6glichkeit, Ihre F\u00e4higkeiten auszubauen, Ihre Leidenschaft f\u00fcr die Gastronomie zu leben und in einem Umfeld zu arbeiten, das Kreativit\u00e4t und Professionalit\u00e4t gleicherma\u00dfen f\u00f6rdert. <\/p>\n<p>Bewerben Sie sich jetzt und werden Sie Teil unserer ONEONE11-Familie, wo Qualit\u00e4t, Teamarbeit und Begeisterung f\u00fcr das Handwerk an erster Stelle stehen.<\/p>\n\t\t\t\t\t\t\t\t<\/div>\n\t\t\t\t<\/div>\n\t\t\t\t<section class=\"elementor-section elementor-inner-section elementor-element elementor-element-ad7e55c elementor-section-boxed elementor-section-height-default elementor-section-height-default\" data-id=\"ad7e55c\" data-element_type=\"section\" data-e-type=\"section\">\n\t\t\t\t\t\t<div class=\"elementor-container elementor-column-gap-default\">\n\t\t\t\t\t<div class=\"elementor-column elementor-col-50 elementor-inner-column elementor-element elementor-element-c4aaa4d\" data-id=\"c4aaa4d\" data-element_type=\"column\" data-e-type=\"column\" data-settings=\"{&quot;background_background&quot;:&quot;classic&quot;}\">\n\t\t\t<div class=\"elementor-widget-wrap elementor-element-populated\">\n\t\t\t\t\t\t<div class=\"elementor-element elementor-element-4b64bfc elementor-widget__width-auto elementor-widget-tablet__width-inherit elementor-widget elementor-widget-heading\" data-id=\"4b64bfc\" data-element_type=\"widget\" data-e-type=\"widget\" data-widget_type=\"heading.default\">\n\t\t\t\t<div class=\"elementor-widget-container\">\n\t\t\t\t\t<p class=\"elementor-heading-title elementor-size-default\">B\u00e4ckermeister<\/p>\t\t\t\t<\/div>\n\t\t\t\t<\/div>\n\t\t\t\t<div class=\"elementor-element elementor-element-70ac84c elementor-widget elementor-widget-text-editor\" data-id=\"70ac84c\" data-element_type=\"widget\" data-e-type=\"widget\" data-widget_type=\"text-editor.default\">\n\t\t\t\t<div class=\"elementor-widget-container\">\n\t\t\t\t\t\t\t\t\t<p><em>Werden Sie Teil eines Teams, das Tradition und Innovation vereint. Bei ONEONE11 Caf\u00e9 &amp; Bakery bringen wir asiatische Pr\u00e4zision, franz\u00f6sische Raffinesse und italienische Leidenschaft in unsere Backkunst ein. Als B\u00e4ckermeister sind Sie das Herz unserer B\u00e4ckerei, die das Handwerk ehrt und gleichzeitig mutig neue Wege geht.     <\/em><\/p>\n<p><strong>Anforderungen:<\/strong><\/p>\n<ul>\n<li>Du bist verantwortlich f\u00fcr den Bereich &#8222;B\u00e4ckerei-Management\u201d<\/li>\n<li>Zu Deinen Aufgaben geh\u00f6rt die Backwarenherstellung<\/li>\n<li>Zu Deinem Aufgabenbereich z\u00e4hlen feine Backwaren<\/li>\n<li>Du \u00fcbernimmst die Leitung des B\u00e4ckerei-Teams<\/li>\n<\/ul>\n<p><strong>Aufgaben:<\/strong><\/p>\n<ul>\n<li>Leitung des B\u00e4ckerei-Teams<\/li>\n<li>Qualit\u00e4tssicherung der Produkte<\/li>\n<li>Entwicklung neuer Backwarenkreationen<\/li>\n<li>Planung und Organisation der Produktionsabl\u00e4ufe<\/li>\n<\/ul>\n<p><strong>Was wir bieten:<\/strong><\/p>\n<ul>\n<li>Einen sehr stilvollen Arbeitsplatz im Herzen von D\u00fcsseldorf in einer neuartigen Kaffeebar mit spannenden Entwicklungspl\u00e4nen<\/li>\n<li>Aktives Mitwirken bei der Strategieentwicklung und der Erreichung der gesetzten Unternehmenspl\u00e4ne<\/li>\n<li>Freiraum f\u00fcr Kreativit\u00e4t und eigene Ideen in der Produktentwicklung asiatischer und feinster Backwaren<\/li>\n<li>Offener Umgang miteinander und kurze Entscheidungswege<\/li>\n<li>Sehr gute Bezahlung inklusive Benefits<\/li>\n<\/ul>\n\t\t\t\t\t\t\t\t<\/div>\n\t\t\t\t<\/div>\n\t\t\t\t<div class=\"elementor-element elementor-element-8cfcb2d elementor-widget elementor-widget-html\" data-id=\"8cfcb2d\" data-element_type=\"widget\" data-e-type=\"widget\" data-widget_type=\"html.default\">\n\t\t\t\t<div class=\"elementor-widget-container\">\n\t\t\t\t\t<a href=\"mailto:bewerbung@koyoo.de?subject=Application%20for%20Bakery%20Chef!\">Bewerben Sie sich f\u00fcr diese Stelle<\/a>\t\t\t\t<\/div>\n\t\t\t\t<\/div>\n\t\t\t\t\t<\/div>\n\t\t<\/div>\n\t\t\t\t<div class=\"elementor-column elementor-col-50 elementor-inner-column elementor-element elementor-element-c901875\" data-id=\"c901875\" data-element_type=\"column\" data-e-type=\"column\" data-settings=\"{&quot;background_background&quot;:&quot;classic&quot;}\">\n\t\t\t<div class=\"elementor-widget-wrap elementor-element-populated\">\n\t\t\t\t\t\t<div class=\"elementor-element elementor-element-d5f7556 elementor-widget__width-auto elementor-widget-tablet__width-inherit elementor-widget elementor-widget-heading\" data-id=\"d5f7556\" data-element_type=\"widget\" data-e-type=\"widget\" data-widget_type=\"heading.default\">\n\t\t\t\t<div class=\"elementor-widget-container\">\n\t\t\t\t\t<p class=\"elementor-heading-title elementor-size-default\">Confectioner<\/p>\t\t\t\t<\/div>\n\t\t\t\t<\/div>\n\t\t\t\t<div class=\"elementor-element elementor-element-a862e56 elementor-widget elementor-widget-text-editor\" data-id=\"a862e56\" data-element_type=\"widget\" data-e-type=\"widget\" data-widget_type=\"text-editor.default\">\n\t\t\t\t<div class=\"elementor-widget-container\">\n\t\t\t\t\t\t\t\t\t<p><em>Bei ONEONE11 Caf\u00e9 &amp; Bakery schaffen wir mehr als nur Geb\u00e4ck \u2013 wir erschaffen Kunstwerke, die Geschmack, Textur und \u00c4sthetik in perfekter Harmonie vereinen. Als B\u00e4cker\/Konditor bei uns sind Sie ein K\u00fcnstler, der die besten Zutaten in verf\u00fchrerische Meisterwerke verwandelt.  <\/em><\/p>\n<p><strong>Anforderungen:<\/strong><\/p>\n<ul>\n<li>Abgeschlossene Ausbildung als B\u00e4cker oder Konditor<\/li>\n<li>Berufserfahrung von Vorteil<\/li>\n<li>Liebe zum Detail und zur Qualit\u00e4t<\/li>\n<\/ul>\n<p><strong>Aufgaben:<\/strong><\/p>\n<ul>\n<li>Herstellung von Brot, Br\u00f6tchen und Feinbackwaren<\/li>\n<li>Kreation von Torten und Desserts<\/li>\n<li>Einhaltung der Hygiene-Standards<\/li>\n<\/ul>\n<p><strong>Was wir bieten:<\/strong><\/p>\n<ul>\n<li style=\"list-style-type: none;\">\n<ul>\n<li>Einen sehr stilvollen Arbeitsplatz im Herzen von D\u00fcsseldorf in einer neuartigen Kaffeebar mit spannenden Entwicklungspl\u00e4nen<\/li>\n<li>Aktives Mitwirken bei der Strategieentwicklung und der Erreichung der gesetzten Unternehmenspl\u00e4ne<\/li>\n<li>Freiraum f\u00fcr Kreativit\u00e4t und eigene Ideen in der Produktentwicklung asiatischer und feinster Backwaren<\/li>\n<li>Offener Umgang miteinander und kurze Entscheidungswege<\/li>\n<li>Sehr gute Bezahlung inklusive Benefits<\/li>\n<\/ul>\n<\/li>\n<\/ul>\n\t\t\t\t\t\t\t\t<\/div>\n\t\t\t\t<\/div>\n\t\t\t\t<div class=\"elementor-element elementor-element-2a18d0d elementor-widget elementor-widget-html\" data-id=\"2a18d0d\" data-element_type=\"widget\" data-e-type=\"widget\" data-widget_type=\"html.default\">\n\t\t\t\t<div class=\"elementor-widget-container\">\n\t\t\t\t\t<a href=\"mailto:bewerbung@koyoo.de?subject=Application%20for%20Baker!\">Bewerben Sie sich f\u00fcr diese Stelle<\/a>\t\t\t\t<\/div>\n\t\t\t\t<\/div>\n\t\t\t\t\t<\/div>\n\t\t<\/div>\n\t\t\t\t\t<\/div>\n\t\t<\/section>\n\t\t\t\t<section class=\"elementor-section elementor-inner-section elementor-element elementor-element-e1f1177 elementor-section-boxed elementor-section-height-default elementor-section-height-default\" data-id=\"e1f1177\" data-element_type=\"section\" data-e-type=\"section\">\n\t\t\t\t\t\t<div class=\"elementor-container elementor-column-gap-default\">\n\t\t\t\t\t<div class=\"elementor-column elementor-col-50 elementor-inner-column elementor-element elementor-element-eeb7f5f\" data-id=\"eeb7f5f\" data-element_type=\"column\" data-e-type=\"column\" data-settings=\"{&quot;background_background&quot;:&quot;classic&quot;}\">\n\t\t\t<div class=\"elementor-widget-wrap elementor-element-populated\">\n\t\t\t\t\t\t<div class=\"elementor-element elementor-element-5be5eaa elementor-widget__width-auto elementor-widget-tablet__width-inherit elementor-widget elementor-widget-heading\" data-id=\"5be5eaa\" data-element_type=\"widget\" data-e-type=\"widget\" data-widget_type=\"heading.default\">\n\t\t\t\t<div class=\"elementor-widget-container\">\n\t\t\t\t\t<p class=\"elementor-heading-title elementor-size-default\">Servicekraft<\/p>\t\t\t\t<\/div>\n\t\t\t\t<\/div>\n\t\t\t\t<div class=\"elementor-element elementor-element-9ce61c5 elementor-widget elementor-widget-text-editor\" data-id=\"9ce61c5\" data-element_type=\"widget\" data-e-type=\"widget\" data-widget_type=\"text-editor.default\">\n\t\t\t\t<div class=\"elementor-widget-container\">\n\t\t\t\t\t\t\t\t\t<p><em>ONEONE11 Caf\u00e9 &amp; Bakery ist mehr als ein Ort zum Essen \u2013 es ist ein Ort der Begegnung. Als Servicekraft sind Sie das Gesicht unseres Caf\u00e9s und tragen wesentlich dazu bei, unseren G\u00e4sten ein au\u00dfergew\u00f6hnliches und unvergessliches Erlebnis zu bieten.   <\/em><\/p>\n<p><strong>Anforderungen:<\/strong><\/p>\n<ul>\n<li>Erfahrung im Service oder in der Gastronomie<\/li>\n<li>Freundliches und kundenorientiertes Auftreten<\/li>\n<li>Teamf\u00e4higkeit<\/li>\n<\/ul>\n<p><strong>Aufgaben:<\/strong><\/p>\n<ul>\n<li>Betreuung der G\u00e4ste<\/li>\n<li>Aufnahme und Servieren von Bestellungen<\/li>\n<li>Sicherstellung einer sauberen und einladenden Atmosph\u00e4re<\/li>\n<\/ul>\n<p><strong>Was wir bieten:<\/strong><\/p>\n<ul>\n<li style=\"list-style-type: none;\">\n<ul>\n<li>Einen sehr stilvollen Arbeitsplatz im Herzen von D\u00fcsseldorf in einer neuartigen Kaffeebar mit spannenden Entwicklungspl\u00e4nen<\/li>\n<li>Aktives Mitwirken bei der Strategieentwicklung und der Erreichung der gesetzten Unternehmenspl\u00e4ne<\/li>\n<li>Freiraum f\u00fcr Kreativit\u00e4t und eigene Ideen in der Produktentwicklung asiatischer und feinster Backwaren<\/li>\n<li>Offener Umgang miteinander und kurze Entscheidungswege<\/li>\n<li>Sehr gute Bezahlung inklusive Benefits<\/li>\n<\/ul>\n<\/li>\n<\/ul>\n\t\t\t\t\t\t\t\t<\/div>\n\t\t\t\t<\/div>\n\t\t\t\t<div class=\"elementor-element elementor-element-2286680 elementor-widget elementor-widget-html\" data-id=\"2286680\" data-element_type=\"widget\" data-e-type=\"widget\" data-widget_type=\"html.default\">\n\t\t\t\t<div class=\"elementor-widget-container\">\n\t\t\t\t\t<a href=\"mailto:bewerbung@koyoo.de?subject=Application%20for%20Service%20Staff!\">Bewerben Sie sich f\u00fcr diese Stelle<\/a>\t\t\t\t<\/div>\n\t\t\t\t<\/div>\n\t\t\t\t\t<\/div>\n\t\t<\/div>\n\t\t\t\t<div class=\"elementor-column elementor-col-50 elementor-inner-column elementor-element elementor-element-360557e\" data-id=\"360557e\" data-element_type=\"column\" data-e-type=\"column\" data-settings=\"{&quot;background_background&quot;:&quot;classic&quot;}\">\n\t\t\t<div class=\"elementor-widget-wrap elementor-element-populated\">\n\t\t\t\t\t\t<div class=\"elementor-element elementor-element-9f895c6 elementor-widget__width-auto elementor-widget-tablet__width-inherit elementor-widget elementor-widget-heading\" data-id=\"9f895c6\" data-element_type=\"widget\" data-e-type=\"widget\" data-widget_type=\"heading.default\">\n\t\t\t\t<div class=\"elementor-widget-container\">\n\t\t\t\t\t<p class=\"elementor-heading-title elementor-size-default\">Barista<\/p>\t\t\t\t<\/div>\n\t\t\t\t<\/div>\n\t\t\t\t<div class=\"elementor-element elementor-element-f580eeb elementor-widget elementor-widget-text-editor\" data-id=\"f580eeb\" data-element_type=\"widget\" data-e-type=\"widget\" data-widget_type=\"text-editor.default\">\n\t\t\t\t<div class=\"elementor-widget-container\">\n\t\t\t\t\t\t\t\t\t<p><em>Bei ONEONE11 Caf\u00e9 &amp; Bakery zelebrieren wir Kaffeekultur auf h\u00f6chstem Niveau. Als Barista sind Sie unser Experte f\u00fcr perfekte Kaffeezubereitung, der jede Tasse in ein Erlebnis verwandelt und unseren G\u00e4sten den Tag vers\u00fc\u00dft.   <\/em><\/p>\n<p><strong>Anforderungen:<\/strong><\/p>\n<ul>\n<li>Erfahrung in der Kaffeezubereitung<\/li>\n<li>Knowledge in coffee preparation<\/li>\n<li>Leidenschaft f\u00fcr Kaffee<\/li>\n<\/ul>\n<p><strong>Aufgaben:<\/strong><\/p>\n<ul>\n<li>Zubereitung von Kaffeespezialit\u00e4ten<\/li>\n<li>Pflege und Wartung der Kaffeemaschinen<\/li>\n<li>Beratung der Kunden bei der Auswahl von Kaffee und Getr\u00e4nken<\/li>\n<\/ul>\n<p><strong>Was wir bieten:<\/strong><\/p>\n<ul>\n<li>Einen sehr stilvollen Arbeitsplatz im Herzen von D\u00fcsseldorf in einer neuartigen Kaffeebar mit spannenden Entwicklungspl\u00e4nen<\/li>\n<li>Aktives Mitwirken bei der Strategieentwicklung und der Erreichung der gesetzten Unternehmenspl\u00e4ne<\/li>\n<li>Freiraum f\u00fcr Kreativit\u00e4t und eigene Ideen in der Produktentwicklung asiatischer und feinster Backwaren<\/li>\n<li>Offener Umgang miteinander und kurze Entscheidungswege<\/li>\n<li>Sehr gute Bezahlung inklusive Benefits<\/li>\n<\/ul>\n\t\t\t\t\t\t\t\t<\/div>\n\t\t\t\t<\/div>\n\t\t\t\t<div class=\"elementor-element elementor-element-1aa7012 elementor-widget elementor-widget-html\" data-id=\"1aa7012\" data-element_type=\"widget\" data-e-type=\"widget\" data-widget_type=\"html.default\">\n\t\t\t\t<div class=\"elementor-widget-container\">\n\t\t\t\t\t<a href=\"mailto:bewerbung@koyoo.de?subject=Application%20for%20Barista!\">Bewerben Sie sich f\u00fcr diese Stelle<\/a>\t\t\t\t<\/div>\n\t\t\t\t<\/div>\n\t\t\t\t\t<\/div>\n\t\t<\/div>\n\t\t\t\t\t<\/div>\n\t\t<\/section>\n\t\t\t\t\t<\/div>\n\t\t<\/div>\n\t\t\t\t\t<\/div>\n\t\t<\/section>\n\t\t\t\t<\/div>\n\t\t","protected":false},"excerpt":{"rendered":"<p>Karriere bei ONEONE11 Caf\u00e9 &amp; Bakery Haben Sie eine Leidenschaft f\u00fcr Backwaren, Kaffee und au\u00dfergew\u00f6hnlichen Kundenservice? M\u00f6chten Sie Teil eines dynamischen und wachsenden Unternehmens sein, das Tradition und Moderne in der Welt der Gastronomie verbindet? Dann k\u00f6nnten Sie genau die Person sein, die wir f\u00fcr unser Team bei ONEONE11 Caf\u00e9 &amp; Bakery suchen! Wir bieten [&hellip;]<\/p>\n","protected":false},"author":1,"featured_media":0,"parent":0,"menu_order":0,"comment_status":"closed","ping_status":"closed","template":"","meta":{"footnotes":""},"class_list":["post-2897","page","type-page","status-publish","hentry"],"_links":{"self":[{"href":"https:\/\/oneone11.de\/de\/wp-json\/wp\/v2\/pages\/2897","targetHints":{"allow":["GET"]}}],"collection":[{"href":"https:\/\/oneone11.de\/de\/wp-json\/wp\/v2\/pages"}],"about":[{"href":"https:\/\/oneone11.de\/de\/wp-json\/wp\/v2\/types\/page"}],"author":[{"embeddable":true,"href":"https:\/\/oneone11.de\/de\/wp-json\/wp\/v2\/users\/1"}],"replies":[{"embeddable":true,"href":"https:\/\/oneone11.de\/de\/wp-json\/wp\/v2\/comments?post=2897"}],"version-history":[{"count":1,"href":"https:\/\/oneone11.de\/de\/wp-json\/wp\/v2\/pages\/2897\/revisions"}],"predecessor-version":[{"id":2898,"href":"https:\/\/oneone11.de\/de\/wp-json\/wp\/v2\/pages\/2897\/revisions\/2898"}],"wp:attachment":[{"href":"https:\/\/oneone11.de\/de\/wp-json\/wp\/v2\/media?parent=2897"}],"curies":[{"name":"wp","href":"https:\/\/api.w.org\/{rel}","templated":true}]}}