{"id":1643,"date":"2023-09-06T09:30:34","date_gmt":"2023-09-06T07:30:34","guid":{"rendered":"http:\/\/oneone11.de\/franchise-moeglichkeiten\/"},"modified":"2023-09-30T12:08:17","modified_gmt":"2023-09-30T10:08:17","slug":"franchise-moeglichkeiten","status":"publish","type":"page","link":"https:\/\/oneone11.de\/de\/franchise-moeglichkeiten\/","title":{"rendered":"Franchise"},"content":{"rendered":"\t\t<div data-elementor-type=\"wp-page\" data-elementor-id=\"1643\" class=\"elementor elementor-1643 elementor-1557\" data-elementor-post-type=\"page\">\n\t\t\t\t\t\t<section class=\"elementor-section elementor-top-section elementor-element elementor-element-3a05ce20 elementor-section-boxed elementor-section-height-default elementor-section-height-default\" data-id=\"3a05ce20\" data-element_type=\"section\" data-e-type=\"section\" data-settings=\"{&quot;background_background&quot;:&quot;classic&quot;}\">\n\t\t\t\t\t\t<div class=\"elementor-container elementor-column-gap-default\">\n\t\t\t\t\t<div class=\"elementor-column elementor-col-100 elementor-top-column elementor-element elementor-element-6722acb9\" data-id=\"6722acb9\" data-element_type=\"column\" data-e-type=\"column\" data-settings=\"{&quot;background_background&quot;:&quot;classic&quot;}\">\n\t\t\t<div class=\"elementor-widget-wrap elementor-element-populated\">\n\t\t\t\t\t<div class=\"elementor-background-overlay\"><\/div>\n\t\t\t\t\t\t<div class=\"elementor-element elementor-element-75523f10 elementor-widget elementor-widget-heading\" data-id=\"75523f10\" data-element_type=\"widget\" data-e-type=\"widget\" data-widget_type=\"heading.default\">\n\t\t\t\t<div class=\"elementor-widget-container\">\n\t\t\t\t\t<p class=\"elementor-heading-title elementor-size-default\">Franchise<\/p>\t\t\t\t<\/div>\n\t\t\t\t<\/div>\n\t\t\t\t\t<\/div>\n\t\t<\/div>\n\t\t\t\t\t<\/div>\n\t\t<\/section>\n\t\t\t\t<section class=\"elementor-section elementor-top-section elementor-element elementor-element-7201a2af elementor-section-full_width elementor-section-height-default elementor-section-height-default\" data-id=\"7201a2af\" data-element_type=\"section\" data-e-type=\"section\">\n\t\t\t\t\t\t<div class=\"elementor-container elementor-column-gap-default\">\n\t\t\t\t\t<div class=\"elementor-column elementor-col-50 elementor-top-column elementor-element elementor-element-1f81ab67\" data-id=\"1f81ab67\" data-element_type=\"column\" data-e-type=\"column\" data-settings=\"{&quot;background_background&quot;:&quot;classic&quot;}\">\n\t\t\t<div class=\"elementor-widget-wrap elementor-element-populated\">\n\t\t\t\t\t\t<div class=\"elementor-element elementor-element-aed96ad elementor-widget elementor-widget-spacer\" data-id=\"aed96ad\" data-element_type=\"widget\" data-e-type=\"widget\" data-widget_type=\"spacer.default\">\n\t\t\t\t<div class=\"elementor-widget-container\">\n\t\t\t\t\t\t\t<div class=\"elementor-spacer\">\n\t\t\t<div class=\"elementor-spacer-inner\"><\/div>\n\t\t<\/div>\n\t\t\t\t\t\t<\/div>\n\t\t\t\t<\/div>\n\t\t\t\t\t<\/div>\n\t\t<\/div>\n\t\t\t\t<div class=\"elementor-column elementor-col-50 elementor-top-column elementor-element elementor-element-4fb5a1b1\" data-id=\"4fb5a1b1\" data-element_type=\"column\" data-e-type=\"column\">\n\t\t\t<div class=\"elementor-widget-wrap elementor-element-populated\">\n\t\t\t\t\t\t<section class=\"elementor-section elementor-inner-section elementor-element elementor-element-4cac8cee elementor-section-boxed elementor-section-height-default elementor-section-height-default\" data-id=\"4cac8cee\" data-element_type=\"section\" data-e-type=\"section\">\n\t\t\t\t\t\t<div class=\"elementor-container elementor-column-gap-default\">\n\t\t\t\t\t<div class=\"elementor-column elementor-col-50 elementor-inner-column elementor-element elementor-element-25d384d5\" data-id=\"25d384d5\" data-element_type=\"column\" data-e-type=\"column\">\n\t\t\t<div class=\"elementor-widget-wrap elementor-element-populated\">\n\t\t\t\t\t\t<div class=\"elementor-element elementor-element-1ea1a9cb elementor-widget-divider--view-line elementor-widget elementor-widget-divider\" data-id=\"1ea1a9cb\" data-element_type=\"widget\" data-e-type=\"widget\" data-widget_type=\"divider.default\">\n\t\t\t\t<div class=\"elementor-widget-container\">\n\t\t\t\t\t\t\t<div class=\"elementor-divider\">\n\t\t\t<span class=\"elementor-divider-separator\">\n\t\t\t\t\t\t<\/span>\n\t\t<\/div>\n\t\t\t\t\t\t<\/div>\n\t\t\t\t<\/div>\n\t\t\t\t<div class=\"elementor-element elementor-element-1d77600 elementor-widget-divider--view-line elementor-widget elementor-widget-divider\" data-id=\"1d77600\" data-element_type=\"widget\" data-e-type=\"widget\" data-widget_type=\"divider.default\">\n\t\t\t\t<div class=\"elementor-widget-container\">\n\t\t\t\t\t\t\t<div class=\"elementor-divider\">\n\t\t\t<span class=\"elementor-divider-separator\">\n\t\t\t\t\t\t<\/span>\n\t\t<\/div>\n\t\t\t\t\t\t<\/div>\n\t\t\t\t<\/div>\n\t\t\t\t\t<\/div>\n\t\t<\/div>\n\t\t\t\t<div class=\"elementor-column elementor-col-50 elementor-inner-column elementor-element elementor-element-7bdf706a\" data-id=\"7bdf706a\" data-element_type=\"column\" data-e-type=\"column\">\n\t\t\t<div class=\"elementor-widget-wrap elementor-element-populated\">\n\t\t\t\t\t\t<div class=\"elementor-element elementor-element-6a6bcb33 elementor-widget elementor-widget-heading\" data-id=\"6a6bcb33\" data-element_type=\"widget\" data-e-type=\"widget\" data-widget_type=\"heading.default\">\n\t\t\t\t<div class=\"elementor-widget-container\">\n\t\t\t\t\t<p class=\"elementor-heading-title elementor-size-default\">Mehr als ein Franchise<\/p>\t\t\t\t<\/div>\n\t\t\t\t<\/div>\n\t\t\t\t\t<\/div>\n\t\t<\/div>\n\t\t\t\t\t<\/div>\n\t\t<\/section>\n\t\t\t\t<section class=\"elementor-section elementor-inner-section elementor-element elementor-element-426a05d1 elementor-section-boxed elementor-section-height-default elementor-section-height-default\" data-id=\"426a05d1\" data-element_type=\"section\" data-e-type=\"section\">\n\t\t\t\t\t\t<div class=\"elementor-container elementor-column-gap-default\">\n\t\t\t\t\t<div class=\"elementor-column elementor-col-100 elementor-inner-column elementor-element elementor-element-7d6d40f6\" data-id=\"7d6d40f6\" data-element_type=\"column\" data-e-type=\"column\">\n\t\t\t<div class=\"elementor-widget-wrap elementor-element-populated\">\n\t\t\t\t\t\t<div class=\"elementor-element elementor-element-19d4ec72 elementor-widget elementor-widget-heading\" data-id=\"19d4ec72\" data-element_type=\"widget\" data-e-type=\"widget\" data-widget_type=\"heading.default\">\n\t\t\t\t<div class=\"elementor-widget-container\">\n\t\t\t\t\t<h2 class=\"elementor-heading-title elementor-size-default\">Ein Gesch\u00e4ftskonzept, das mit Ihnen w\u00e4chst\n<\/h2>\t\t\t\t<\/div>\n\t\t\t\t<\/div>\n\t\t\t\t<div class=\"elementor-element elementor-element-05c966a elementor-widget elementor-widget-text-editor\" data-id=\"05c966a\" data-element_type=\"widget\" data-e-type=\"widget\" data-widget_type=\"text-editor.default\">\n\t\t\t\t<div class=\"elementor-widget-container\">\n\t\t\t\t\t\t\t\t\t<p>Bei ONEONE11 Caf\u00e9 &amp; Bakery sehen wir eine leuchtende Zukunft nicht nur f\u00fcr uns, sondern auch f\u00fcr ambitionierte Unternehmer, die unsere Leidenschaft f\u00fcr Qualit\u00e4t und Service teilen. Mit einem bew\u00e4hrten Gesch\u00e4ftsmodell und einer starken Marke, die wir liebevoll aufgebaut haben, bieten wir Franchise-M\u00f6glichkeiten f\u00fcr diejenigen, die Teil unserer schnell wachsenden Familie werden wollen. Werden Sie unser Partner, und lassen Sie uns gemeinsam den Markt erobern.  <\/p>\n\t\t\t\t\t\t\t\t<\/div>\n\t\t\t\t<\/div>\n\t\t\t\t<div class=\"elementor-element elementor-element-5dcca8f elementor-align-left elementor-mobile-align-left elementor-widget elementor-widget-button\" data-id=\"5dcca8f\" data-element_type=\"widget\" data-e-type=\"widget\" data-widget_type=\"button.default\">\n\t\t\t\t<div class=\"elementor-widget-container\">\n\t\t\t\t\t\t\t\t\t<div class=\"elementor-button-wrapper\">\n\t\t\t\t\t<a class=\"elementor-button elementor-button-link elementor-size-sm\" href=\"http:\/\/oneone11.de\/contact\/\">\n\t\t\t\t\t\t<span class=\"elementor-button-content-wrapper\">\n\t\t\t\t\t\t<span class=\"elementor-button-icon\">\n\t\t\t\t<i aria-hidden=\"true\" class=\"fas fa-angle-right\"><\/i>\t\t\t<\/span>\n\t\t\t\t\t\t\t\t\t<span class=\"elementor-button-text\">KONTAKT US<\/span>\n\t\t\t\t\t<\/span>\n\t\t\t\t\t<\/a>\n\t\t\t\t<\/div>\n\t\t\t\t\t\t\t\t<\/div>\n\t\t\t\t<\/div>\n\t\t\t\t\t<\/div>\n\t\t<\/div>\n\t\t\t\t\t<\/div>\n\t\t<\/section>\n\t\t\t\t\t<\/div>\n\t\t<\/div>\n\t\t\t\t\t<\/div>\n\t\t<\/section>\n\t\t\t\t<section class=\"elementor-section elementor-top-section elementor-element elementor-element-1bcd8ff6 elementor-section-boxed elementor-section-height-default elementor-section-height-default\" data-id=\"1bcd8ff6\" data-element_type=\"section\" data-e-type=\"section\" data-settings=\"{&quot;background_background&quot;:&quot;classic&quot;}\">\n\t\t\t\t\t\t\t<div class=\"elementor-background-overlay\"><\/div>\n\t\t\t\t\t\t\t<div class=\"elementor-container elementor-column-gap-default\">\n\t\t\t\t\t<div class=\"elementor-column elementor-col-100 elementor-top-column elementor-element elementor-element-12285e13\" data-id=\"12285e13\" data-element_type=\"column\" data-e-type=\"column\">\n\t\t\t<div class=\"elementor-widget-wrap elementor-element-populated\">\n\t\t\t\t\t\t<div class=\"elementor-element elementor-element-284751e4 elementor-widget elementor-widget-heading\" data-id=\"284751e4\" data-element_type=\"widget\" data-e-type=\"widget\" data-widget_type=\"heading.default\">\n\t\t\t\t<div class=\"elementor-widget-container\">\n\t\t\t\t\t<p class=\"elementor-heading-title elementor-size-default\">Erfahrener Partner<\/p>\t\t\t\t<\/div>\n\t\t\t\t<\/div>\n\t\t\t\t<div class=\"elementor-element elementor-element-a8c3a2 elementor-widget elementor-widget-heading\" data-id=\"a8c3a2\" data-element_type=\"widget\" data-e-type=\"widget\" data-widget_type=\"heading.default\">\n\t\t\t\t<div class=\"elementor-widget-container\">\n\t\t\t\t\t<h2 class=\"elementor-heading-title elementor-size-default\">Mehr als ein Franchise\n<\/h2>\t\t\t\t<\/div>\n\t\t\t\t<\/div>\n\t\t\t\t<div class=\"elementor-element elementor-element-91aa607 elementor-widget__width-initial elementor-widget-mobile__width-inherit elementor-widget elementor-widget-text-editor\" data-id=\"91aa607\" data-element_type=\"widget\" data-e-type=\"widget\" data-widget_type=\"text-editor.default\">\n\t\t\t\t<div class=\"elementor-widget-container\">\n\t\t\t\t\t\t\t\t\tMit unserer Historie im erfolgreichen Betrieb von Spezialit\u00e4ten-Caf\u00e9s erhalten Sie nicht nur eine Franchise, sondern gehen eine Partnerschaft mit einem erfahrenen und sachkundigen Team ein. Wir haben unsere F\u00e4higkeiten im Managen von Spezialit\u00e4ten-Caf\u00e9s verfeinert und verstehen die Feinheiten von Kundenservice, Qualit\u00e4tskontrolle und Betriebsabl\u00e4ufen in diesem einzigartigen Sektor. Wir kennen die Abl\u00e4ufe und begleiten Sie bei jedem Schritt.  \n\n\t\t\t\t\t\t\t\t<\/div>\n\t\t\t\t<\/div>\n\t\t\t\t<section class=\"elementor-section elementor-inner-section elementor-element elementor-element-754744c0 elementor-section-boxed elementor-section-height-default elementor-section-height-default\" data-id=\"754744c0\" data-element_type=\"section\" data-e-type=\"section\">\n\t\t\t\t\t\t<div class=\"elementor-container elementor-column-gap-default\">\n\t\t\t\t\t<div class=\"elementor-column elementor-col-33 elementor-inner-column elementor-element elementor-element-63c0dc62\" data-id=\"63c0dc62\" data-element_type=\"column\" data-e-type=\"column\" data-settings=\"{&quot;background_background&quot;:&quot;classic&quot;}\">\n\t\t\t<div class=\"elementor-widget-wrap elementor-element-populated\">\n\t\t\t\t\t\t<div class=\"elementor-element elementor-element-62f1bb18 elementor-widget elementor-widget-heading\" data-id=\"62f1bb18\" data-element_type=\"widget\" data-e-type=\"widget\" data-widget_type=\"heading.default\">\n\t\t\t\t<div class=\"elementor-widget-container\">\n\t\t\t\t\t<p class=\"elementor-heading-title elementor-size-default\">Was wir bieten\n\n<\/p>\t\t\t\t<\/div>\n\t\t\t\t<\/div>\n\t\t\t\t<div class=\"elementor-element elementor-element-484c5506 elementor-widget elementor-widget-text-editor\" data-id=\"484c5506\" data-element_type=\"widget\" data-e-type=\"widget\" data-widget_type=\"text-editor.default\">\n\t\t\t\t<div class=\"elementor-widget-container\">\n\t\t\t\t\t\t\t\t\t<p>Ein erprobtes, skalierbares Gesch\u00e4ftsmodell<\/p>\n<p>Umfassende Schulungsprogramme f\u00fcr Sie und Ihr Team<\/p>\n<p>Marketing- und Markenunterst\u00fctzung<\/p>\n<p>Laufende Betriebsunterst\u00fctzung und Gesch\u00e4ftsberatung<\/p>\n<p>Zugang zu unseren ausgew\u00e4hlten Lieferanten und Premium-Zutaten<\/p>\n\t\t\t\t\t\t\t\t<\/div>\n\t\t\t\t<\/div>\n\t\t\t\t\t<\/div>\n\t\t<\/div>\n\t\t\t\t<div class=\"elementor-column elementor-col-33 elementor-inner-column elementor-element elementor-element-2d4885f9\" data-id=\"2d4885f9\" data-element_type=\"column\" data-e-type=\"column\" data-settings=\"{&quot;background_background&quot;:&quot;classic&quot;}\">\n\t\t\t<div class=\"elementor-widget-wrap elementor-element-populated\">\n\t\t\t\t\t\t<div class=\"elementor-element elementor-element-636a877f elementor-widget elementor-widget-heading\" data-id=\"636a877f\" data-element_type=\"widget\" data-e-type=\"widget\" data-widget_type=\"heading.default\">\n\t\t\t\t<div class=\"elementor-widget-container\">\n\t\t\t\t\t<p class=\"elementor-heading-title elementor-size-default\">Wonach wir suchen\n\n<\/p>\t\t\t\t<\/div>\n\t\t\t\t<\/div>\n\t\t\t\t<div class=\"elementor-element elementor-element-4ae91077 elementor-widget elementor-widget-text-editor\" data-id=\"4ae91077\" data-element_type=\"widget\" data-e-type=\"widget\" data-widget_type=\"text-editor.default\">\n\t\t\t\t<div class=\"elementor-widget-container\">\n\t\t\t\t\t\t\t\t\t<p><b>Leidenschaftliche Unternehmer<\/b>, die sich f\u00fcr Qualit\u00e4t und Exzellenz einsetzen<\/p>\n<p><b>Einzelpersonen<\/b> oder Gruppen mit starkem Gesch\u00e4ftssinn und F\u00fchrungserfahrung<\/p>\n<p><b>Eine Mindestinvestition<\/b> (Details werden bei Anfrage bereitgestellt)<\/p>\n<p><b>Engagement<\/b> zur Aufrechterhaltung der Standards und Integrit\u00e4t der Marke ONEONE11<\/p>\n\t\t\t\t\t\t\t\t<\/div>\n\t\t\t\t<\/div>\n\t\t\t\t\t<\/div>\n\t\t<\/div>\n\t\t\t\t<div class=\"elementor-column elementor-col-33 elementor-inner-column elementor-element elementor-element-8bfd779\" data-id=\"8bfd779\" data-element_type=\"column\" data-e-type=\"column\" data-settings=\"{&quot;background_background&quot;:&quot;classic&quot;}\">\n\t\t\t<div class=\"elementor-widget-wrap elementor-element-populated\">\n\t\t\t\t\t\t<div class=\"elementor-element elementor-element-c0e5642 elementor-widget elementor-widget-heading\" data-id=\"c0e5642\" data-element_type=\"widget\" data-e-type=\"widget\" data-widget_type=\"heading.default\">\n\t\t\t\t<div class=\"elementor-widget-container\">\n\t\t\t\t\t<p class=\"elementor-heading-title elementor-size-default\">Ihr Weg zur Partnerschaft\n\n\n<\/p>\t\t\t\t<\/div>\n\t\t\t\t<\/div>\n\t\t\t\t<div class=\"elementor-element elementor-element-9e0d37a elementor-widget elementor-widget-text-editor\" data-id=\"9e0d37a\" data-element_type=\"widget\" data-e-type=\"widget\" data-widget_type=\"text-editor.default\">\n\t\t\t\t<div class=\"elementor-widget-container\">\n\t\t\t\t\t\t\t\t\t<p><strong>Anfrage &amp; Bewerbung<\/strong>: F\u00fcllen Sie unser Online-Formular aus oder kontaktieren Sie uns direkt, um das Gespr\u00e4ch zu beginnen.<\/p>\n<p><strong>Informationsgespr\u00e4ch<\/strong>: Wir arrangieren ein Treffen, um das Franchise im Detail zu besprechen und Ihre Fragen zu beantworten.<\/p>\n<p><strong>Pr\u00fcfung &amp; Genehmigung<\/strong>: Nach einer gr\u00fcndlichen Pr\u00fcfung Ihrer Bewerbung teilen wir Ihnen unsere Entscheidung mit.<\/p>\n<p><strong>Ausbildung &amp; Unterst\u00fctzung<\/strong>: Nach der Genehmigung bieten wir umfassende Schulungen und Unterst\u00fctzung, um Sie auf den Erfolg vorzubereiten.<\/p>\n<p><strong>Gro\u00dfe Er\u00f6ffnung<\/strong>: Wir helfen Ihnen, Ihr ONEONE11 Caf\u00e9 &amp; Bakery mit einem Paukenschlag zu er\u00f6ffnen!<\/p>\n\t\t\t\t\t\t\t\t<\/div>\n\t\t\t\t<\/div>\n\t\t\t\t\t<\/div>\n\t\t<\/div>\n\t\t\t\t\t<\/div>\n\t\t<\/section>\n\t\t\t\t<section class=\"elementor-section elementor-inner-section elementor-element elementor-element-cdb96e2 elementor-section-boxed elementor-section-height-default elementor-section-height-default\" data-id=\"cdb96e2\" data-element_type=\"section\" data-e-type=\"section\">\n\t\t\t\t\t\t<div class=\"elementor-container elementor-column-gap-default\">\n\t\t\t\t\t<div class=\"elementor-column elementor-col-50 elementor-inner-column elementor-element elementor-element-5d9e27a\" data-id=\"5d9e27a\" data-element_type=\"column\" data-e-type=\"column\" data-settings=\"{&quot;background_background&quot;:&quot;classic&quot;}\">\n\t\t\t<div class=\"elementor-widget-wrap elementor-element-populated\">\n\t\t\t\t\t\t<div class=\"elementor-element elementor-element-a9515c7 elementor-widget elementor-widget-heading\" data-id=\"a9515c7\" data-element_type=\"widget\" data-e-type=\"widget\" data-widget_type=\"heading.default\">\n\t\t\t\t<div class=\"elementor-widget-container\">\n\t\t\t\t\t<p class=\"elementor-heading-title elementor-size-default\">Nachhaltige Praktiken\n\n<\/p>\t\t\t\t<\/div>\n\t\t\t\t<\/div>\n\t\t\t\t<div class=\"elementor-element elementor-element-408daf6 elementor-widget elementor-widget-text-editor\" data-id=\"408daf6\" data-element_type=\"widget\" data-e-type=\"widget\" data-widget_type=\"text-editor.default\">\n\t\t\t\t<div class=\"elementor-widget-container\">\n\t\t\t\t\t\t\t\t\tBei ONEONE11 sind wir uns unserer Umweltauswirkungen tief bewusst. Wir setzen auf nachhaltige Praktiken, von der verantwortungsbewussten Beschaffung unserer Zutaten bis zur Minimierung von Abf\u00e4llen in unseren Betrieben. Als Franchise-Partner werden Sie Teil eines Netzwerks, das diese Prinzipien wert sch\u00e4tzt und aufrechterh\u00e4lt.  \n\n\t\t\t\t\t\t\t\t<\/div>\n\t\t\t\t<\/div>\n\t\t\t\t\t<\/div>\n\t\t<\/div>\n\t\t\t\t<div class=\"elementor-column elementor-col-50 elementor-inner-column elementor-element elementor-element-ec3cb80\" data-id=\"ec3cb80\" data-element_type=\"column\" data-e-type=\"column\" data-settings=\"{&quot;background_background&quot;:&quot;classic&quot;}\">\n\t\t\t<div class=\"elementor-widget-wrap elementor-element-populated\">\n\t\t\t\t\t\t<div class=\"elementor-element elementor-element-3e18c72 elementor-widget elementor-widget-heading\" data-id=\"3e18c72\" data-element_type=\"widget\" data-e-type=\"widget\" data-widget_type=\"heading.default\">\n\t\t\t\t<div class=\"elementor-widget-container\">\n\t\t\t\t\t<p class=\"elementor-heading-title elementor-size-default\">Kontakt\n\n<\/p>\t\t\t\t<\/div>\n\t\t\t\t<\/div>\n\t\t\t\t<div class=\"elementor-element elementor-element-3f0d3bd elementor-widget elementor-widget-text-editor\" data-id=\"3f0d3bd\" data-element_type=\"widget\" data-e-type=\"widget\" data-widget_type=\"text-editor.default\">\n\t\t\t\t<div class=\"elementor-widget-container\">\n\t\t\t\t\t\t\t\t\t<h5>Bereit f\u00fcr den n\u00e4chsten Schritt?<\/h5>\n<p><a href=\"http:\/\/oneone11.de\/contact\">Kontaktieren Sie uns<\/a>, um mehr \u00fcber die Franchise-M\u00f6glichkeiten bei ONEONE11 Caf\u00e9 &amp; Bakery zu erfahren.<\/p>\n\t\t\t\t\t\t\t\t<\/div>\n\t\t\t\t<\/div>\n\t\t\t\t\t<\/div>\n\t\t<\/div>\n\t\t\t\t\t<\/div>\n\t\t<\/section>\n\t\t\t\t\t<\/div>\n\t\t<\/div>\n\t\t\t\t\t<\/div>\n\t\t<\/section>\n\t\t\t\t<\/div>\n\t\t","protected":false},"excerpt":{"rendered":"<p>Mehr als ein Franchise Ein Gesch\u00e4ftskonzept, das mit Ihnen w\u00e4chst Bei ONEONE11 Caf\u00e9 &amp; Bakery sehen wir eine leuchtende Zukunft nicht nur f\u00fcr uns, sondern auch f\u00fcr ambitionierte Unternehmer, die unsere Leidenschaft f\u00fcr Qualit\u00e4t und Service teilen. Mit einem bew\u00e4hrten Gesch\u00e4ftsmodell und einer starken Marke, die wir liebevoll aufgebaut haben, bieten wir Franchise-M\u00f6glichkeiten f\u00fcr diejenigen, [&hellip;]<\/p>\n","protected":false},"author":1,"featured_media":0,"parent":0,"menu_order":0,"comment_status":"closed","ping_status":"closed","template":"","meta":{"footnotes":""},"class_list":["post-1643","page","type-page","status-publish","hentry"],"_links":{"self":[{"href":"https:\/\/oneone11.de\/de\/wp-json\/wp\/v2\/pages\/1643","targetHints":{"allow":["GET"]}}],"collection":[{"href":"https:\/\/oneone11.de\/de\/wp-json\/wp\/v2\/pages"}],"about":[{"href":"https:\/\/oneone11.de\/de\/wp-json\/wp\/v2\/types\/page"}],"author":[{"embeddable":true,"href":"https:\/\/oneone11.de\/de\/wp-json\/wp\/v2\/users\/1"}],"replies":[{"embeddable":true,"href":"https:\/\/oneone11.de\/de\/wp-json\/wp\/v2\/comments?post=1643"}],"version-history":[{"count":4,"href":"https:\/\/oneone11.de\/de\/wp-json\/wp\/v2\/pages\/1643\/revisions"}],"predecessor-version":[{"id":2934,"href":"https:\/\/oneone11.de\/de\/wp-json\/wp\/v2\/pages\/1643\/revisions\/2934"}],"wp:attachment":[{"href":"https:\/\/oneone11.de\/de\/wp-json\/wp\/v2\/media?parent=1643"}],"curies":[{"name":"wp","href":"https:\/\/api.w.org\/{rel}","templated":true}]}}